{"id":1345,"date":"2020-11-11T08:00:41","date_gmt":"2020-11-11T08:00:41","guid":{"rendered":"https:\/\/dauniaplastics.netplanet.it\/?page_id=1345"},"modified":"2021-05-19T14:45:09","modified_gmt":"2021-05-19T13:45:09","slug":"ueber-uns","status":"publish","type":"page","link":"https:\/\/dauniaplastics.com\/de\/ueber-uns\/","title":{"rendered":"\u00dcber uns"},"content":{"rendered":"<div id='av_section_1'  class='avia-section main_color avia-section-huge avia-no-border-styling  avia-full-stretch av-section-color-overlay-active avia-bg-style-scroll  avia-builder-el-0  el_before_av_one_full  avia-builder-el-first   av-minimum-height av-minimum-height-custom  container_wrap fullsize' style='background-repeat: no-repeat; background-image: url(https:\/\/dauniaplastics.com\/wp-content\/uploads\/2020\/10\/chisiamo.jpg);background-attachment: scroll; background-position: bottom center;  '  data-section-bg-repeat='stretch'><div class='av-section-color-overlay-wrap'><div class='av-section-color-overlay' style='opacity: 0.3; background-color: #000000; '><\/div><div class='container' style='height:700px'><main  role=\"main\" itemprop=\"mainContentOfPage\"  class='template-page content  av-content-full alpha units'><div class='post-entry post-entry-type-page post-entry-1345'><div class='entry-content-wrapper clearfix'>\n<div  style='padding-bottom:0px; font-size:90px;' class='av-special-heading av-special-heading-h3  blockquote modern-quote modern-centered  avia-builder-el-1  avia-builder-el-no-sibling  av-inherit-size '><h3 class='av-special-heading-tag '  itemprop=\"headline\"  >\u00dcber uns<\/h3><div class='special-heading-border'><div class='special-heading-inner-border' ><\/div><\/div><\/div>\n<\/div><\/div><\/main><!-- close content main element --><\/div><\/div><\/div><div id='after_section_1'  class='main_color av_default_container_wrap container_wrap fullsize' style=' '  ><div class='container' ><div class='template-page content  av-content-full alpha units'><div class='post-entry post-entry-type-page post-entry-1345'><div class='entry-content-wrapper clearfix'>\n<div class=\"flex_column av_one_full  flex_column_div av-zero-column-padding first  avia-builder-el-2  el_after_av_section  el_before_av_one_half  avia-builder-el-first  \" style='margin-top:0px; margin-bottom:0px; border-radius:0px; '><div  style='padding-bottom:0px; color:#99c13c;' class='av-special-heading av-special-heading-h2 custom-color-heading   avia-builder-el-3  avia-builder-el-no-sibling  '><h2 class='av-special-heading-tag '  itemprop=\"headline\"  >\u00dcber uns<\/h2><div class='special-heading-border'><div class='special-heading-inner-border' style='border-color:#99c13c'><\/div><\/div><\/div><\/div>\n<div class=\"flex_column av_one_half  flex_column_div av-zero-column-padding first  avia-builder-el-4  el_after_av_one_full  el_before_av_one_half  column-top-margin\" style='margin-top:30px; margin-bottom:0px; border-radius:0px; '><section class=\"av_textblock_section \"  itemscope=\"itemscope\" itemtype=\"https:\/\/schema.org\/CreativeWork\" ><div class='avia_textblock  '   itemprop=\"text\" ><h4 style=\"text-align: justify;\">Daunia Plastics ist eines der f\u00fchrenden Unternehmen in der Herstellung und Vermarktung von Kunststoffen mit \u00fcber 30 Jahren Geschichte und Erfahrung.<\/h4>\n<\/div><\/section><\/div>\n<div class=\"flex_column av_one_half  flex_column_div av-zero-column-padding   avia-builder-el-6  el_after_av_one_half  el_before_av_one_half  column-top-margin\" style='margin-top:30px; margin-bottom:0px; border-radius:0px; '><section class=\"av_textblock_section \"  itemscope=\"itemscope\" itemtype=\"https:\/\/schema.org\/CreativeWork\" ><div class='avia_textblock  '   itemprop=\"text\" ><h4 style=\"text-align: justify;\">Unser Hauptziel ist es, unseren Kunden Qualit\u00e4tsprodukte zu wettbewerbsf\u00e4higen Preisen und in k\u00fcrzester Zeit unter besonderer Ber\u00fccksichtigung ihrer Umweltauswirkungen anzubieten.<\/h4>\n<\/div><\/section><\/div>\n<div class=\"flex_column av_one_half  flex_column_div av-zero-column-padding first  avia-builder-el-8  el_after_av_one_half  el_before_av_one_half  column-top-margin\" style='border-radius:0px; '><section class=\"av_textblock_section \"  itemscope=\"itemscope\" itemtype=\"https:\/\/schema.org\/CreativeWork\" ><div class='avia_textblock  '   itemprop=\"text\" ><h4 style=\"text-align: justify;\">Die sorgf\u00e4ltige Auswahl der Rohstoffe, die st\u00e4ndige Erforschung der Verarbeitung von Kunststoffen und die Professionalit\u00e4t der Verkaufspolitik sind die Grundelemente unserer T\u00e4tigkeit.<\/h4>\n<\/div><\/section><\/div>\n<div class=\"flex_column av_one_half  flex_column_div av-zero-column-padding   avia-builder-el-10  el_after_av_one_half  el_before_av_slideshow_full  avia-builder-el-last  column-top-margin\" style='border-radius:0px; '><section class=\"av_textblock_section \"  itemscope=\"itemscope\" itemtype=\"https:\/\/schema.org\/CreativeWork\" ><div class='avia_textblock  '   itemprop=\"text\" ><h4 style=\"text-align: justify;\">Wir sind in ganz Europa \u00fcber ein weit verbreitetes Vertriebsnetzwerk erreichbar, das es uns erm\u00f6glicht, die Vor- und Nachverkaufsphasen besser zu organisieren und das Angebot sowohl hinsichtlich Produkt als auch Kosten zu optimieren.<\/h4>\n<\/div><\/section><\/div>\n<\/div><\/div><\/div><!-- close content main div --><\/div><\/div><div id='full_slider_1'  class='avia-fullwidth-slider main_color avia-shadow   avia-builder-el-12  el_after_av_one_half  avia-builder-el-last   slider-not-first container_wrap fullsize' style=' '  ><div   data-size='featured'  data-lightbox_size='large'  data-animation='slide'  data-conditional_play=''  data-ids='1696'  data-video_counter='0'  data-autoplay='false'  data-bg_slider='false'  data-slide_height=''  data-handle='av_slideshow_full'  data-interval='5'  data-class=' '  data-el_id=''  data-css_id=''  data-scroll_down=''  data-control_layout='av-control-default'  data-custom_markup=''  data-perma_caption=''  data-autoplay_stopper=''  data-image_attachment=''  data-min_height='0px'  data-lazy_loading='disabled'  data-src=''  data-position='top left'  data-repeat='no-repeat'  data-attach='scroll'  data-stretch=''  data-default-height='28.666666666667'  class='avia-slideshow avia-slideshow-1  av-control-default av-default-height-applied avia-slideshow-featured av_slideshow_full   avia-slide-slider '  itemprop=\"image\" itemscope=\"itemscope\" itemtype=\"https:\/\/schema.org\/ImageObject\" ><ul class='avia-slideshow-inner ' style='padding-bottom: 28.666666666667%;' ><li  class=' av-single-slide slide-1 ' ><div data-rel='slideshow-1' class='avia-slide-wrap '   ><img class=\"wp-image-1696 avia-img-lazy-loading-not-1696\"  src=\"https:\/\/dauniaplastics.com\/wp-content\/uploads\/2021\/05\/chisiamo-3-1500x430.jpg\" width=\"1500\" height=\"430\" title='chisiamo-3' alt=''  itemprop=\"thumbnailUrl\"   \/><\/div><\/li><\/ul><\/div><\/div>\n","protected":false},"excerpt":{"rendered":"","protected":false},"author":1,"featured_media":0,"parent":0,"menu_order":0,"comment_status":"closed","ping_status":"closed","template":"","meta":[],"yoast_head":"<!-- This site is optimized with the Yoast SEO plugin v15.2.1 - https:\/\/yoast.com\/wordpress\/plugins\/seo\/ -->\n<title>\u00dcber uns - Daunia Plastics | Innovative compounds<\/title>\n<meta name=\"robots\" content=\"index, follow, max-snippet:-1, max-image-preview:large, max-video-preview:-1\" \/>\n<link rel=\"canonical\" href=\"https:\/\/dauniaplastics.com\/de\/ueber-uns\/\" \/>\n<meta property=\"og:locale\" content=\"de_DE\" \/>\n<meta property=\"og:type\" content=\"article\" \/>\n<meta property=\"og:title\" content=\"\u00dcber uns - Daunia Plastics | Innovative compounds\" \/>\n<meta property=\"og:url\" content=\"https:\/\/dauniaplastics.com\/de\/ueber-uns\/\" \/>\n<meta property=\"og:site_name\" content=\"Daunia Plastics | Innovative compounds\" \/>\n<meta property=\"article:modified_time\" content=\"2021-05-19T13:45:09+00:00\" \/>\n<meta name=\"twitter:card\" content=\"summary_large_image\" \/>\n<meta name=\"twitter:label1\" content=\"Written by\">\n\t<meta name=\"twitter:data1\" content=\"admin\">\n\t<meta name=\"twitter:label2\" content=\"Est. reading time\">\n\t<meta name=\"twitter:data2\" content=\"5\u00a0Minuten\">\n<script type=\"application\/ld+json\" class=\"yoast-schema-graph\">{\"@context\":\"https:\/\/schema.org\",\"@graph\":[{\"@type\":\"Organization\",\"@id\":\"https:\/\/dauniaplastics.com\/es\/#organization\",\"name\":\"Daunia Plastics Srl\",\"url\":\"https:\/\/dauniaplastics.com\/es\/\",\"sameAs\":[],\"logo\":{\"@type\":\"ImageObject\",\"@id\":\"https:\/\/dauniaplastics.com\/es\/#logo\",\"inLanguage\":\"de\",\"url\":\"https:\/\/dauniaplastics.com\/wp-content\/uploads\/2020\/10\/logo.png\",\"width\":493,\"height\":156,\"caption\":\"Daunia Plastics Srl\"},\"image\":{\"@id\":\"https:\/\/dauniaplastics.com\/es\/#logo\"}},{\"@type\":\"WebSite\",\"@id\":\"https:\/\/dauniaplastics.com\/es\/#website\",\"url\":\"https:\/\/dauniaplastics.com\/es\/\",\"name\":\"Daunia Plastics | Innovative compounds\",\"description\":\"Just another WordPress site\",\"publisher\":{\"@id\":\"https:\/\/dauniaplastics.com\/es\/#organization\"},\"potentialAction\":[{\"@type\":\"SearchAction\",\"target\":\"https:\/\/dauniaplastics.com\/es\/?s={search_term_string}\",\"query-input\":\"required name=search_term_string\"}],\"inLanguage\":\"de\"},{\"@type\":\"WebPage\",\"@id\":\"https:\/\/dauniaplastics.com\/de\/ueber-uns\/#webpage\",\"url\":\"https:\/\/dauniaplastics.com\/de\/ueber-uns\/\",\"name\":\"\\u00dcber uns - Daunia Plastics | Innovative compounds\",\"isPartOf\":{\"@id\":\"https:\/\/dauniaplastics.com\/es\/#website\"},\"datePublished\":\"2020-11-11T08:00:41+00:00\",\"dateModified\":\"2021-05-19T13:45:09+00:00\",\"inLanguage\":\"de\",\"potentialAction\":[{\"@type\":\"ReadAction\",\"target\":[\"https:\/\/dauniaplastics.com\/de\/ueber-uns\/\"]}]}]}<\/script>\n<!-- \/ Yoast SEO plugin. -->","_links":{"self":[{"href":"https:\/\/dauniaplastics.com\/de\/wp-json\/wp\/v2\/pages\/1345"}],"collection":[{"href":"https:\/\/dauniaplastics.com\/de\/wp-json\/wp\/v2\/pages"}],"about":[{"href":"https:\/\/dauniaplastics.com\/de\/wp-json\/wp\/v2\/types\/page"}],"author":[{"embeddable":true,"href":"https:\/\/dauniaplastics.com\/de\/wp-json\/wp\/v2\/users\/1"}],"replies":[{"embeddable":true,"href":"https:\/\/dauniaplastics.com\/de\/wp-json\/wp\/v2\/comments?post=1345"}],"version-history":[{"count":3,"href":"https:\/\/dauniaplastics.com\/de\/wp-json\/wp\/v2\/pages\/1345\/revisions"}],"predecessor-version":[{"id":1717,"href":"https:\/\/dauniaplastics.com\/de\/wp-json\/wp\/v2\/pages\/1345\/revisions\/1717"}],"wp:attachment":[{"href":"https:\/\/dauniaplastics.com\/de\/wp-json\/wp\/v2\/media?parent=1345"}],"curies":[{"name":"wp","href":"https:\/\/api.w.org\/{rel}","templated":true}]}}