{"id":1375,"date":"2020-11-11T09:48:08","date_gmt":"2020-11-11T09:48:08","guid":{"rendered":"https:\/\/dauniaplastics.netplanet.it\/?page_id=1375"},"modified":"2024-06-03T14:01:56","modified_gmt":"2024-06-03T13:01:56","slug":"privacy-policy","status":"publish","type":"page","link":"https:\/\/dauniaplastics.com\/es\/privacy-policy\/","title":{"rendered":"Privacy Policy"},"content":{"rendered":"<div  style='padding-bottom:10px; color:#99c13c;' class='av-special-heading av-special-heading-h2 custom-color-heading blockquote modern-quote  avia-builder-el-0  el_before_av_textblock  avia-builder-el-first  '><h2 class='av-special-heading-tag '  itemprop=\"headline\"  >Informaci\u00f3n proporcionada de conformidad con el art. 13 del Reglamento UE 679\/2016 (GDRP)<\/h2><div class='special-heading-border'><div class='special-heading-inner-border' style='border-color:#99c13c'><\/div><\/div><\/div>\n<section class=\"av_textblock_section \"  itemscope=\"itemscope\" itemtype=\"https:\/\/schema.org\/CreativeWork\" ><div class='avia_textblock  '   itemprop=\"text\" ><p>Esta informaci\u00f3n es proporcionada por DAUNIA PLASTICS SRL, con sede en FOGGIA en Viale Ofanto, 184, como titular y responsable del tratamiento de datos personales.<\/p>\n<p>Los datos recopilados se procesan de acuerdo con los principios de correcci\u00f3n, licitud, transparencia y la protecci\u00f3n de su privacidad y sus derechos.<\/p>\n<p>Los datos se procesan mediante m\u00e9todos manuales, telem\u00e1ticos e inform\u00e1ticos; Se adoptan medidas de seguridad para evitar los riesgos de acceso no autorizado, destrucci\u00f3n o p\u00e9rdida, tratamiento que no est\u00e1 permitido o no cumple con las finalidades de la colecci\u00f3n.<\/p>\n<p><strong>Categor\u00edas de datos personales tratados<\/strong><\/p>\n<p>DAUNIA PLASTICS SRL tratar\u00e1 los siguientes datos personales:<\/p>\n<p>&#8211; Datos personales, direcci\u00f3n de residencia o domicilio y datos de contacto (tel\u00e9fono, direcci\u00f3n de correo electr\u00f3nico);<\/p>\n<p>&#8211; Datos bancarios y \/ o de pagos y cobros relacionados con la gesti\u00f3n contable y fiscal;<\/p>\n<p>&#8211; Datos contables, fiscales y administrativos en general derivados de facturas \/ recibos fiscales emitidos y recibidos, y cualquier otro documento que nos sea entregado.<\/p>\n<p><strong>Finalidad del tratamiento<\/strong><\/p>\n<p>El tratamiento tiene como finalidad la correcta y completa ejecuci\u00f3n de la relaci\u00f3n contractual \/ comercial entre las partes, los datos facilitados son tratados para las siguientes finalidades:<\/p>\n<ol>\n<li>cumplir con las obligaciones impuestas en los campos contable y tributario por las leyes vigentes en relaci\u00f3n con la relaci\u00f3n comercial existente;<\/li>\n<li>cualquier otro cumplimiento obligatorio que imponga la normativa fiscal, civil y de seguridad social.<\/li>\n<\/ol>\n<p><strong>Base legal del procesamiento<\/strong><\/p>\n<p>DAUNIA PLASTICS SRL trata sus datos personales de forma l\u00edcita, donde el tratamiento:<\/p>\n<p>&#8211; sea necesario para la ejecuci\u00f3n de la relaci\u00f3n contractual o comercial;<\/p>\n<p>&#8211; es necesario para cumplir con una obligaci\u00f3n impositiva y \/ o de seguridad social y \/ o legal inminente;<\/p>\n<p><strong>Consecuencias de la falta de comunicaci\u00f3n de datos personales<\/strong><\/p>\n<p>En lo que respecta a los datos personales relacionados con la ejecuci\u00f3n de la relaci\u00f3n contractual \/ comercial de la que usted sea parte o relacionados con el cumplimiento de una obligaci\u00f3n reglamentaria, la falta de comunicaci\u00f3n de los datos personales impide que se perfeccione la relaci\u00f3n contractual \/ comercial.<\/p>\n<p><strong>Categor\u00edas de terceros a los que se pueden divulgar los datos<\/strong><\/p>\n<p>Sus datos personales pueden ser divulgados a:<\/p>\n<ol>\n<li>consultores y \/ o contadores que brinden servicios funcionales para los fines indicados anteriormente;<\/li>\n<li>instituciones bancarias y de seguros que brinden servicios funcionales para los fines indicados anteriormente;<\/li>\n<li>sujetos que procesan datos en ejecuci\u00f3n de obligaciones legales espec\u00edficas;<\/li>\n<\/ol>\n<p><strong>Duraci\u00f3n del procesamiento y per\u00edodo de retenci\u00f3n<\/strong><\/p>\n<p>Los datos se tratar\u00e1n \u00fanicamente durante el tiempo necesario para las finalidades enumeradas, se conservar\u00e1n mientras dure la relaci\u00f3n contractual o profesional.<\/p>\n<p>Elaboraci\u00f3n de perfiles y difusi\u00f3n de datos<\/p>\n<p>Sus datos personales no est\u00e1n sujetos a divulgaci\u00f3n ni a ning\u00fan proceso de toma de decisiones totalmente automatizado, incluida la elaboraci\u00f3n de perfiles.<\/p>\n<p><strong>Derechos de acceso, cancelaci\u00f3n, limitaci\u00f3n y portabilidad<\/strong><\/p>\n<p>Los derechos a que se refieren los art\u00edculos. del 15 al 20 del RGPD. A modo de ejemplo, cada interesado podr\u00e1:<\/p>\n<ol>\n<li>obtener confirmaci\u00f3n de si se est\u00e1n procesando o no datos personales que le conciernen;<\/li>\n<li>si un procesamiento est\u00e1 en curso, obtener acceso a los datos personales y la informaci\u00f3n relacionada con el procesamiento y solicitar una copia de los datos personales;<\/li>\n<li>obtener la correcci\u00f3n de datos personales inexactos y la integraci\u00f3n de datos personales incompletos;<\/li>\n<li>obtener, si se cumple alguna de las condiciones previstas en el art. 17 del RGPD, la eliminaci\u00f3n de los datos personales que le conciernen;<\/li>\n<li>obtener, en los casos previstos por el art. 18 del RGPD, la limitaci\u00f3n del procesamiento;<\/li>\n<li>Recibir datos personales que le conciernen en un formato estructurado, de uso com\u00fan y legible por un dispositivo autom\u00e1tico y solicitar su transmisi\u00f3n a otro propietario, si es t\u00e9cnicamente factible.<\/li>\n<\/ol>\n<p><strong>Derecho a oponerse<\/strong><\/p>\n<p>Cada interesado tiene derecho a oponerse en cualquier momento al tratamiento de sus datos personales llevado a cabo para la consecuci\u00f3n de un inter\u00e9s leg\u00edtimo del Responsable del tratamiento. En caso de oposici\u00f3n, sus datos personales dejar\u00e1n de ser tratados, siempre que no existan motivos leg\u00edtimos para proceder al tratamiento que prevalezcan sobre los intereses, derechos y libertades del interesado o para la valoraci\u00f3n, ejercicio o defensa de un derecho en los tribunales<\/p>\n<p><strong>Derecho a retirar el consentimiento<\/strong><\/p>\n<p>En el caso de que se requiera consentimiento para el tratamiento de datos personales, cada interesado tambi\u00e9n podr\u00e1 revocar el consentimiento ya prestado en cualquier momento. El consentimiento puede ser revocado escribiendo un correo electr\u00f3nico a info@dauniaplastics.com El tratamiento basado en consentimiento y realizado con anterioridad a la revocaci\u00f3n del mismo conserva, no obstante, su licitud;<\/p>\n<p><strong>Derecho a presentar una denuncia ante el Garante<\/strong><\/p>\n<p>Asimismo, cada interesado podr\u00e1 presentar una reclamaci\u00f3n ante el Garante de Protecci\u00f3n de Datos Personales en caso de que crea que se han vulnerado los derechos que ostenta en virtud del RGPD, en la forma indicada en el sitio web del Garante, accesible en: www.garanteprivacy.it.<\/p>\n<p>El ejercicio de los derechos del interesado es gratuito.<\/p>\n<p>Si la persona que proporciona los datos es menor de 18 a\u00f1os, este procesamiento es legal solo si y en la medida en que dicho consentimiento sea otorgado o autorizado por al menos uno de los titulares de la responsabilidad parental para quienes se adquieren los datos de identificaci\u00f3n y copia del documento de identificaci\u00f3n.<\/p>\n<p><!-- \/wp:heading --><\/p>\n<\/div><\/section>\n","protected":false},"excerpt":{"rendered":"","protected":false},"author":1,"featured_media":0,"parent":0,"menu_order":0,"comment_status":"closed","ping_status":"closed","template":"","meta":[],"yoast_head":"<!-- This site is optimized with the Yoast SEO plugin v15.2.1 - https:\/\/yoast.com\/wordpress\/plugins\/seo\/ -->\n<title>Privacy Policy - Daunia Plastics | Innovative compounds<\/title>\n<meta name=\"robots\" content=\"index, follow, max-snippet:-1, max-image-preview:large, max-video-preview:-1\" \/>\n<link rel=\"canonical\" href=\"https:\/\/dauniaplastics.com\/es\/privacy-policy\/\" \/>\n<meta property=\"og:locale\" content=\"es_ES\" \/>\n<meta property=\"og:type\" content=\"article\" \/>\n<meta property=\"og:title\" content=\"Privacy Policy - Daunia Plastics | Innovative compounds\" \/>\n<meta property=\"og:url\" content=\"https:\/\/dauniaplastics.com\/es\/privacy-policy\/\" \/>\n<meta property=\"og:site_name\" content=\"Daunia Plastics | Innovative compounds\" \/>\n<meta property=\"article:modified_time\" content=\"2024-06-03T13:01:56+00:00\" \/>\n<meta name=\"twitter:card\" content=\"summary_large_image\" \/>\n<meta name=\"twitter:label1\" content=\"Escrito por\">\n\t<meta name=\"twitter:data1\" content=\"admin\">\n\t<meta name=\"twitter:label2\" content=\"Tiempo de lectura\">\n\t<meta name=\"twitter:data2\" content=\"4 minutos\">\n<script type=\"application\/ld+json\" class=\"yoast-schema-graph\">{\"@context\":\"https:\/\/schema.org\",\"@graph\":[{\"@type\":\"Organization\",\"@id\":\"https:\/\/dauniaplastics.com\/es\/#organization\",\"name\":\"Daunia Plastics Srl\",\"url\":\"https:\/\/dauniaplastics.com\/es\/\",\"sameAs\":[],\"logo\":{\"@type\":\"ImageObject\",\"@id\":\"https:\/\/dauniaplastics.com\/es\/#logo\",\"inLanguage\":\"es\",\"url\":\"https:\/\/dauniaplastics.com\/wp-content\/uploads\/2020\/10\/logo.png\",\"width\":493,\"height\":156,\"caption\":\"Daunia Plastics Srl\"},\"image\":{\"@id\":\"https:\/\/dauniaplastics.com\/es\/#logo\"}},{\"@type\":\"WebSite\",\"@id\":\"https:\/\/dauniaplastics.com\/es\/#website\",\"url\":\"https:\/\/dauniaplastics.com\/es\/\",\"name\":\"Daunia Plastics | Innovative compounds\",\"description\":\"Just another WordPress site\",\"publisher\":{\"@id\":\"https:\/\/dauniaplastics.com\/es\/#organization\"},\"potentialAction\":[{\"@type\":\"SearchAction\",\"target\":\"https:\/\/dauniaplastics.com\/es\/?s={search_term_string}\",\"query-input\":\"required name=search_term_string\"}],\"inLanguage\":\"es\"},{\"@type\":\"WebPage\",\"@id\":\"https:\/\/dauniaplastics.com\/es\/privacy-policy\/#webpage\",\"url\":\"https:\/\/dauniaplastics.com\/es\/privacy-policy\/\",\"name\":\"Privacy Policy - Daunia Plastics | Innovative compounds\",\"isPartOf\":{\"@id\":\"https:\/\/dauniaplastics.com\/es\/#website\"},\"datePublished\":\"2020-11-11T09:48:08+00:00\",\"dateModified\":\"2024-06-03T13:01:56+00:00\",\"inLanguage\":\"es\",\"potentialAction\":[{\"@type\":\"ReadAction\",\"target\":[\"https:\/\/dauniaplastics.com\/es\/privacy-policy\/\"]}]}]}<\/script>\n<!-- \/ Yoast SEO plugin. -->","_links":{"self":[{"href":"https:\/\/dauniaplastics.com\/es\/wp-json\/wp\/v2\/pages\/1375"}],"collection":[{"href":"https:\/\/dauniaplastics.com\/es\/wp-json\/wp\/v2\/pages"}],"about":[{"href":"https:\/\/dauniaplastics.com\/es\/wp-json\/wp\/v2\/types\/page"}],"author":[{"embeddable":true,"href":"https:\/\/dauniaplastics.com\/es\/wp-json\/wp\/v2\/users\/1"}],"replies":[{"embeddable":true,"href":"https:\/\/dauniaplastics.com\/es\/wp-json\/wp\/v2\/comments?post=1375"}],"version-history":[{"count":3,"href":"https:\/\/dauniaplastics.com\/es\/wp-json\/wp\/v2\/pages\/1375\/revisions"}],"predecessor-version":[{"id":1791,"href":"https:\/\/dauniaplastics.com\/es\/wp-json\/wp\/v2\/pages\/1375\/revisions\/1791"}],"wp:attachment":[{"href":"https:\/\/dauniaplastics.com\/es\/wp-json\/wp\/v2\/media?parent=1375"}],"curies":[{"name":"wp","href":"https:\/\/api.w.org\/{rel}","templated":true}]}}