{"id":1386,"date":"2020-11-11T10:00:59","date_gmt":"2020-11-11T10:00:59","guid":{"rendered":"https:\/\/dauniaplastics.netplanet.it\/?page_id=1386"},"modified":"2024-07-08T15:00:59","modified_gmt":"2024-07-08T14:00:59","slug":"calidad","status":"publish","type":"page","link":"https:\/\/dauniaplastics.com\/es\/calidad\/","title":{"rendered":"Calidad"},"content":{"rendered":"<div id='av_section_1'  class='avia-section main_color avia-section-huge avia-no-border-styling  avia-full-stretch av-section-color-overlay-active avia-bg-style-scroll  avia-builder-el-0  el_before_av_two_fifth  avia-builder-el-first   av-minimum-height av-minimum-height-custom  container_wrap fullsize' style='background-repeat: no-repeat; background-image: url(https:\/\/dauniaplastics.com\/wp-content\/uploads\/2020\/10\/qualita.jpg);background-attachment: scroll; background-position: center center;  '  data-section-bg-repeat='stretch'><div class='av-section-color-overlay-wrap'><div class='av-section-color-overlay' style='opacity: 0.3; background-color: #000000; '><\/div><div class='container' style='height:700px'><main  role=\"main\" itemprop=\"mainContentOfPage\"  class='template-page content  av-content-full alpha units'><div class='post-entry post-entry-type-page post-entry-1386'><div class='entry-content-wrapper clearfix'>\n<div  style='padding-bottom:0px; font-size:90px;' class='av-special-heading av-special-heading-h3  blockquote modern-quote modern-centered  avia-builder-el-1  avia-builder-el-no-sibling  av-inherit-size '><h3 class='av-special-heading-tag '  itemprop=\"headline\"  >Calidad<\/h3><div class='special-heading-border'><div class='special-heading-inner-border' ><\/div><\/div><\/div>\n<\/div><\/div><\/main><!-- close content main element --><\/div><\/div><\/div><div id='after_section_1'  class='main_color av_default_container_wrap container_wrap fullsize' style=' '  ><div class='container' ><div class='template-page content  av-content-full alpha units'><div class='post-entry post-entry-type-page post-entry-1386'><div class='entry-content-wrapper clearfix'>\n<div class=\"flex_column av_two_fifth  flex_column_div av-zero-column-padding first  avia-builder-el-2  el_after_av_section  el_before_av_three_fifth  avia-builder-el-first  \" style='margin-top:0px; margin-bottom:40px; border-radius:0px; '><p><div  style='padding-bottom:30px; color:#99c13c;' class='av-special-heading av-special-heading-h2 custom-color-heading   avia-builder-el-3  el_before_av_textblock  avia-builder-el-first  '><h2 class='av-special-heading-tag '  itemprop=\"headline\"  >Calidad<\/h2><div class='special-heading-border'><div class='special-heading-inner-border' style='border-color:#99c13c'><\/div><\/div><\/div><br \/>\n<section class=\"av_textblock_section \"  itemscope=\"itemscope\" itemtype=\"https:\/\/schema.org\/CreativeWork\" ><div class='avia_textblock  '   itemprop=\"text\" ><h4 style=\"text-align: justify; padding-right: 60px;\">Nuestra empresa adopta un sistema de calidad basado en la normativa internacional UNI EN ISO 9001: 2015. Esta importante certificaci\u00f3n representa un factor estrat\u00e9gico de competitividad y cualificaci\u00f3n, destacando nuestro compromiso con la satisfacci\u00f3n continua de nuestros clientes y socios.<\/h4>\n<\/div><\/section><br \/>\n<div  style='height:30px' class='hr hr-invisible   avia-builder-el-5  el_after_av_textblock  el_before_av_textblock '><span class='hr-inner ' ><span class='hr-inner-style'><\/span><\/span><\/div><br \/>\n<section class=\"av_textblock_section \"  itemscope=\"itemscope\" itemtype=\"https:\/\/schema.org\/CreativeWork\" ><div class='avia_textblock  '   itemprop=\"text\" ><p><img class=\"alignnone size-medium wp-image-1604\" src=\"https:\/\/dauniaplastics.com\/wp-content\/uploads\/2021\/05\/certificazioni-dauniaplastics.jpg\" alt=\"\" width=\"250\" srcset=\"https:\/\/dauniaplastics.com\/wp-content\/uploads\/2021\/05\/certificazioni-dauniaplastics.jpg 420w, https:\/\/dauniaplastics.com\/wp-content\/uploads\/2021\/05\/certificazioni-dauniaplastics-300x169.jpg 300w\" sizes=\"(max-width: 420px) 100vw, 420px\" \/><\/p>\n<\/div><\/section><\/p><\/div>\n<div class=\"flex_column av_three_fifth  flex_column_div   avia-builder-el-7  el_after_av_two_fifth  avia-builder-el-last  \" style='margin-top:0px; margin-bottom:40px; padding:0px 0px 0px 0px ; border-radius:0px; '><p><div  style='padding-bottom:0px; color:#184a8b;' class='av-special-heading av-special-heading-h2 custom-color-heading   avia-builder-el-8  el_before_av_hr  avia-builder-el-first  '><h2 class='av-special-heading-tag '  itemprop=\"headline\"  >Certificaciones<\/h2><div class='special-heading-border'><div class='special-heading-inner-border' style='border-color:#184a8b'><\/div><\/div><\/div><br \/>\n<div  style='height:15px' class='hr hr-invisible   avia-builder-el-9  el_after_av_heading  el_before_av_textblock '><span class='hr-inner ' ><span class='hr-inner-style'><\/span><\/span><\/div><br \/>\n<section class=\"av_textblock_section \"  itemscope=\"itemscope\" itemtype=\"https:\/\/schema.org\/CreativeWork\" ><div class='avia_textblock  '   itemprop=\"text\" ><p><a href=\"https:\/\/dauniaplastics.com\/wp-content\/uploads\/2024\/07\/certiquality-dauniaplastics-srl.pdf\" target=\"_blank\" rel=\"noopener noreferrer\"><img loading=\"lazy\" class=\"size-full wp-image-1752 alignleft\" src=\"https:\/\/dauniaplastics.com\/wp-content\/uploads\/2024\/07\/certiquality-dauniaplastics-srl.jpg\" alt=\"\" width=\"335\" height=\"474\" \/><\/a><a href=\"https:\/\/dauniaplastics.com\/wp-content\/uploads\/2024\/07\/iqnet-dauniaplastics-srl.pdf\" target=\"_blank\" rel=\"noopener noreferrer\"><img class=\"size-medium wp-image-1610 alignleft\" src=\"https:\/\/dauniaplastics.com\/wp-content\/uploads\/2024\/07\/iqnet-dauniaplastics-srl.jpg\" alt=\"\" width=\"335\" \/><\/a><\/p>\n<\/div><\/section><\/p><\/div>\n","protected":false},"excerpt":{"rendered":"","protected":false},"author":1,"featured_media":0,"parent":0,"menu_order":0,"comment_status":"closed","ping_status":"closed","template":"","meta":[],"yoast_head":"<!-- This site is optimized with the Yoast SEO plugin v15.2.1 - https:\/\/yoast.com\/wordpress\/plugins\/seo\/ -->\n<title>Calidad - Daunia Plastics | Innovative compounds<\/title>\n<meta name=\"robots\" content=\"index, follow, max-snippet:-1, max-image-preview:large, max-video-preview:-1\" \/>\n<link rel=\"canonical\" href=\"https:\/\/dauniaplastics.com\/es\/calidad\/\" \/>\n<meta property=\"og:locale\" content=\"es_ES\" \/>\n<meta property=\"og:type\" content=\"article\" \/>\n<meta property=\"og:title\" content=\"Calidad - Daunia Plastics | Innovative compounds\" \/>\n<meta property=\"og:url\" content=\"https:\/\/dauniaplastics.com\/es\/calidad\/\" \/>\n<meta property=\"og:site_name\" content=\"Daunia Plastics | Innovative compounds\" \/>\n<meta property=\"article:modified_time\" content=\"2024-07-08T14:00:59+00:00\" \/>\n<meta property=\"og:image\" content=\"https:\/\/dauniaplastics.com\/wp-content\/uploads\/2021\/05\/certificazioni-dauniaplastics.jpg\" \/>\n<meta name=\"twitter:card\" content=\"summary_large_image\" \/>\n<meta name=\"twitter:label1\" content=\"Escrito por\">\n\t<meta name=\"twitter:data1\" content=\"admin\">\n\t<meta name=\"twitter:label2\" content=\"Tiempo de lectura\">\n\t<meta name=\"twitter:data2\" content=\"4 minutos\">\n<script type=\"application\/ld+json\" class=\"yoast-schema-graph\">{\"@context\":\"https:\/\/schema.org\",\"@graph\":[{\"@type\":\"Organization\",\"@id\":\"https:\/\/dauniaplastics.com\/es\/#organization\",\"name\":\"Daunia Plastics Srl\",\"url\":\"https:\/\/dauniaplastics.com\/es\/\",\"sameAs\":[],\"logo\":{\"@type\":\"ImageObject\",\"@id\":\"https:\/\/dauniaplastics.com\/es\/#logo\",\"inLanguage\":\"es\",\"url\":\"https:\/\/dauniaplastics.com\/wp-content\/uploads\/2020\/10\/logo.png\",\"width\":493,\"height\":156,\"caption\":\"Daunia Plastics Srl\"},\"image\":{\"@id\":\"https:\/\/dauniaplastics.com\/es\/#logo\"}},{\"@type\":\"WebSite\",\"@id\":\"https:\/\/dauniaplastics.com\/es\/#website\",\"url\":\"https:\/\/dauniaplastics.com\/es\/\",\"name\":\"Daunia Plastics | Innovative compounds\",\"description\":\"Just another WordPress site\",\"publisher\":{\"@id\":\"https:\/\/dauniaplastics.com\/es\/#organization\"},\"potentialAction\":[{\"@type\":\"SearchAction\",\"target\":\"https:\/\/dauniaplastics.com\/es\/?s={search_term_string}\",\"query-input\":\"required name=search_term_string\"}],\"inLanguage\":\"es\"},{\"@type\":\"ImageObject\",\"@id\":\"https:\/\/dauniaplastics.com\/es\/calidad\/#primaryimage\",\"inLanguage\":\"es\",\"url\":\"https:\/\/dauniaplastics.com\/wp-content\/uploads\/2021\/05\/certificazioni-dauniaplastics.jpg\",\"width\":420,\"height\":236},{\"@type\":\"WebPage\",\"@id\":\"https:\/\/dauniaplastics.com\/es\/calidad\/#webpage\",\"url\":\"https:\/\/dauniaplastics.com\/es\/calidad\/\",\"name\":\"Calidad - Daunia Plastics | Innovative compounds\",\"isPartOf\":{\"@id\":\"https:\/\/dauniaplastics.com\/es\/#website\"},\"primaryImageOfPage\":{\"@id\":\"https:\/\/dauniaplastics.com\/es\/calidad\/#primaryimage\"},\"datePublished\":\"2020-11-11T10:00:59+00:00\",\"dateModified\":\"2024-07-08T14:00:59+00:00\",\"inLanguage\":\"es\",\"potentialAction\":[{\"@type\":\"ReadAction\",\"target\":[\"https:\/\/dauniaplastics.com\/es\/calidad\/\"]}]}]}<\/script>\n<!-- \/ Yoast SEO plugin. -->","_links":{"self":[{"href":"https:\/\/dauniaplastics.com\/es\/wp-json\/wp\/v2\/pages\/1386"}],"collection":[{"href":"https:\/\/dauniaplastics.com\/es\/wp-json\/wp\/v2\/pages"}],"about":[{"href":"https:\/\/dauniaplastics.com\/es\/wp-json\/wp\/v2\/types\/page"}],"author":[{"embeddable":true,"href":"https:\/\/dauniaplastics.com\/es\/wp-json\/wp\/v2\/users\/1"}],"replies":[{"embeddable":true,"href":"https:\/\/dauniaplastics.com\/es\/wp-json\/wp\/v2\/comments?post=1386"}],"version-history":[{"count":8,"href":"https:\/\/dauniaplastics.com\/es\/wp-json\/wp\/v2\/pages\/1386\/revisions"}],"predecessor-version":[{"id":1805,"href":"https:\/\/dauniaplastics.com\/es\/wp-json\/wp\/v2\/pages\/1386\/revisions\/1805"}],"wp:attachment":[{"href":"https:\/\/dauniaplastics.com\/es\/wp-json\/wp\/v2\/media?parent=1386"}],"curies":[{"name":"wp","href":"https:\/\/api.w.org\/{rel}","templated":true}]}}